{"id":4593,"date":"2026-04-10T09:49:09","date_gmt":"2026-04-10T09:49:09","guid":{"rendered":"https:\/\/estadimallorcasonmoix.es\/formulari-peticio-grups\/"},"modified":"2026-04-27T12:50:26","modified_gmt":"2026-04-27T12:50:26","slug":"formulari-peticio-grups","status":"publish","type":"page","link":"https:\/\/estadimallorcasonmoix.es\/ca\/formulari-peticio-grups\/","title":{"rendered":"Formulari-petici\u00f3-grups"},"content":{"rendered":"\t\t<div data-elementor-type=\"wp-page\" data-elementor-id=\"4593\" class=\"elementor elementor-4593 elementor-4284\" data-elementor-post-type=\"page\">\n\t\t\t\t<div class=\"elementor-element elementor-element-43a4c24 e-con-full e-flex e-con e-parent\" data-id=\"43a4c24\" data-element_type=\"container\" data-e-type=\"container\" data-settings=\"{&quot;background_background&quot;:&quot;classic&quot;}\">\n\t\t<div class=\"elementor-element elementor-element-913e240 e-con-full elementor-hidden-mobile e-flex e-con e-child\" data-id=\"913e240\" data-element_type=\"container\" data-e-type=\"container\" data-settings=\"{&quot;background_background&quot;:&quot;classic&quot;}\">\n\t\t\t\t<\/div>\n\t\t<div class=\"elementor-element elementor-element-c4fdd74 e-con-full elementor-hidden-desktop elementor-hidden-laptop elementor-hidden-tablet e-flex e-con e-child\" data-id=\"c4fdd74\" data-element_type=\"container\" data-e-type=\"container\" data-settings=\"{&quot;background_background&quot;:&quot;classic&quot;}\">\n\t\t\t\t<\/div>\n\t\t<div class=\"elementor-element elementor-element-f8ac05c e-flex e-con-boxed e-con e-child\" data-id=\"f8ac05c\" data-element_type=\"container\" data-e-type=\"container\">\n\t\t\t\t\t<div class=\"e-con-inner\">\n\t\t\t\t<div class=\"elementor-element elementor-element-eea470f elementor-widget elementor-widget-text-editor\" data-id=\"eea470f\" data-element_type=\"widget\" data-e-type=\"widget\" data-widget_type=\"text-editor.default\">\n\t\t\t\t<div class=\"elementor-widget-container\">\n\t\t\t\t\t\t\t\t\t<div class=\"hs-form__row\"><div class=\"hs-form__group\"><div data-hsfc-id=\"RichText\"><p>Gr\u00e0cies pel vostre inter\u00e8s a visitar el Tour Estadi Mallorca Son Moix! Si us plau, omple el formulari i el nostre equip d&#8217;atenci\u00f3 al client es posar\u00e0 en contacte amb tu per concretar l&#8217;activitat. <\/p><\/div><\/div><\/div><div class=\"hs-form__row\"><div class=\"hs-form__group\"><div class=\"hs-form__field-row\"><div class=\"hs-form__field-row__column\"><div class=\"hs-form__field hs-form__field-tipo_de_colectivo hs-tipo_de_colectivo\"> <\/div><\/div><\/div><\/div><\/div>\t\t\t\t\t\t\t\t<\/div>\n\t\t\t\t<\/div>\n\t\t\t\t<div class=\"elementor-element elementor-element-e17000c elementor-button-align-stretch elementor-widget elementor-widget-form\" data-id=\"e17000c\" data-element_type=\"widget\" data-e-type=\"widget\" data-settings=\"{&quot;step_next_label&quot;:&quot;Seg\\u00fcent&quot;,&quot;step_previous_label&quot;:&quot;Anterior&quot;,&quot;button_width&quot;:&quot;100&quot;,&quot;step_type&quot;:&quot;number_text&quot;,&quot;step_icon_shape&quot;:&quot;circle&quot;}\" data-widget_type=\"form.default\">\n\t\t\t\t<div class=\"elementor-widget-container\">\n\t\t\t\t\t\t\t<form class=\"elementor-form\" method=\"post\" name=\"Nou formulari\" aria-label=\"Nou formulari\">\n\t\t\t<input type=\"hidden\" name=\"post_id\" value=\"4593\"\/>\n\t\t\t<input type=\"hidden\" name=\"form_id\" value=\"e17000c\"\/>\n\t\t\t<input type=\"hidden\" name=\"referer_title\" value=\"estadimallorcasonmoix.es\" \/>\n\n\t\t\t\n\t\t\t<div class=\"elementor-form-fields-wrapper elementor-labels-above\">\n\t\t\t\t\t\t\t\t<div class=\"elementor-field-type-select elementor-field-group elementor-column elementor-field-group-field_41c8cce elementor-col-100 elementor-field-required\">\n\t\t\t\t\t\t\t\t\t\t\t\t<label for=\"form-field-field_41c8cce\" class=\"elementor-field-label\">\n\t\t\t\t\t\t\t\tTipus de col\u00b7lectiu\t\t\t\t\t\t\t<\/label>\n\t\t\t\t\t\t\t\t<div class=\"elementor-field elementor-select-wrapper remove-before \">\n\t\t\t<div class=\"select-caret-down-wrapper\">\n\t\t\t\t<svg aria-hidden=\"true\" class=\"e-font-icon-svg e-eicon-caret-down\" viewBox=\"0 0 571.4 571.4\" xmlns=\"http:\/\/www.w3.org\/2000\/svg\"><path d=\"M571 393Q571 407 561 418L311 668Q300 679 286 679T261 668L11 418Q0 407 0 393T11 368 36 357H536Q550 357 561 368T571 393Z\"><\/path><\/svg>\t\t\t<\/div>\n\t\t\t<select name=\"form_fields[field_41c8cce]\" id=\"form-field-field_41c8cce\" class=\"elementor-field-textual elementor-size-sm\" required=\"required\">\n\t\t\t\t\t\t\t\t\t<option value=\"Selecciona\">Selecciona<\/option>\n\t\t\t\t\t\t\t\t\t<option value=\"Familia \/ grupo de amigos\">Familia \/ grupo de amigos<\/option>\n\t\t\t\t\t\t\t\t\t<option value=\"Colegio \/ instituto\">Colegio \/ instituto<\/option>\n\t\t\t\t\t\t\t\t\t<option value=\"Universidad \/ escuela de negocios\">Universidad \/ escuela de negocios<\/option>\n\t\t\t\t\t\t\t\t\t<option value=\"Empresa\">Empresa<\/option>\n\t\t\t\t\t\t\t\t\t<option value=\"Pe\u00f1as del club\">Pe\u00f1as del club<\/option>\n\t\t\t\t\t\t\t\t\t<option value=\"Clubes \/ federaciones \/ campus \/ clinic\">Clubes \/ federaciones \/ campus \/ clinic<\/option>\n\t\t\t\t\t\t\t\t\t<option value=\"Jubilados \/ pensionistas\">Jubilados \/ pensionistas<\/option>\n\t\t\t\t\t\t\t\t\t<option value=\"Agencia \/ tour operadores\">Agencia \/ tour operadores<\/option>\n\t\t\t\t\t\t\t\t\t<option value=\"Otros\">Otros<\/option>\n\t\t\t\t\t\t\t<\/select>\n\t\t<\/div>\n\t\t\t\t\t\t<\/div>\n\t\t\t\t\t\t\t\t<div class=\"elementor-field-type-text elementor-field-group elementor-column elementor-field-group-name elementor-col-50\">\n\t\t\t\t\t\t\t\t\t\t\t\t<label for=\"form-field-name\" class=\"elementor-field-label\">\n\t\t\t\t\t\t\t\tNom\t\t\t\t\t\t\t<\/label>\n\t\t\t\t\t\t\t\t\t\t\t\t\t\t<input size=\"1\" type=\"text\" name=\"form_fields[name]\" id=\"form-field-name\" class=\"elementor-field elementor-size-sm  elementor-field-textual\">\n\t\t\t\t\t\t\t\t\t\t\t<\/div>\n\t\t\t\t\t\t\t\t<div class=\"elementor-field-type-text elementor-field-group elementor-column elementor-field-group-field_9717891 elementor-col-50\">\n\t\t\t\t\t\t\t\t\t\t\t\t<label for=\"form-field-field_9717891\" class=\"elementor-field-label\">\n\t\t\t\t\t\t\t\tCognom\t\t\t\t\t\t\t<\/label>\n\t\t\t\t\t\t\t\t\t\t\t\t\t\t<input size=\"1\" type=\"text\" name=\"form_fields[field_9717891]\" id=\"form-field-field_9717891\" class=\"elementor-field elementor-size-sm  elementor-field-textual\">\n\t\t\t\t\t\t\t\t\t\t\t<\/div>\n\t\t\t\t\t\t\t\t<div class=\"elementor-field-type-email elementor-field-group elementor-column elementor-field-group-email elementor-col-50 elementor-field-required\">\n\t\t\t\t\t\t\t\t\t\t\t\t<label for=\"form-field-email\" class=\"elementor-field-label\">\n\t\t\t\t\t\t\t\tCorreu electr\u00f2nic\t\t\t\t\t\t\t<\/label>\n\t\t\t\t\t\t\t\t\t\t\t\t\t\t<input size=\"1\" type=\"email\" name=\"form_fields[email]\" id=\"form-field-email\" class=\"elementor-field elementor-size-sm  elementor-field-textual\" required=\"required\">\n\t\t\t\t\t\t\t\t\t\t\t<\/div>\n\t\t\t\t\t\t\t\t<div class=\"elementor-field-type-tel elementor-field-group elementor-column elementor-field-group-field_f1c2ac3 elementor-col-50 elementor-field-required\">\n\t\t\t\t\t\t\t\t\t\t\t\t<label for=\"form-field-field_f1c2ac3\" class=\"elementor-field-label\">\n\t\t\t\t\t\t\t\tTel\u00e8fon\t\t\t\t\t\t\t<\/label>\n\t\t\t\t\t\t\t\t<input size=\"1\" type=\"tel\" name=\"form_fields[field_f1c2ac3]\" id=\"form-field-field_f1c2ac3\" class=\"elementor-field elementor-size-sm  elementor-field-textual\" required=\"required\" pattern=\"[0-9()#&amp;+*-=.]+\" title=\"Only numbers and phone characters (#, -, *, etc) are accepted.\">\n\n\t\t\t\t\t\t<\/div>\n\t\t\t\t\t\t\t\t<div class=\"elementor-field-type-date elementor-field-group elementor-column elementor-field-group-field_c1e8b76 elementor-col-50 elementor-field-required\">\n\t\t\t\t\t\t\t\t\t\t\t\t<label for=\"form-field-field_c1e8b76\" class=\"elementor-field-label\">\n\t\t\t\t\t\t\t\tData d'activitat\t\t\t\t\t\t\t<\/label>\n\t\t\t\t\t\t\n\t\t<input type=\"date\" name=\"form_fields[field_c1e8b76]\" id=\"form-field-field_c1e8b76\" class=\"elementor-field elementor-size-sm  elementor-field-textual elementor-date-field\" required=\"required\" pattern=\"[0-9]{4}-[0-9]{2}-[0-9]{2}\">\n\t\t\t\t\t\t<\/div>\n\t\t\t\t\t\t\t\t<div class=\"elementor-field-type-time elementor-field-group elementor-column elementor-field-group-field_13d5208 elementor-col-50 elementor-field-required\">\n\t\t\t\t\t\t\t\t\t\t\t\t<label for=\"form-field-field_13d5208\" class=\"elementor-field-label\">\n\t\t\t\t\t\t\t\tHora d'activitat\t\t\t\t\t\t\t<\/label>\n\t\t\t\t\t\t\t\t<input type=\"time\" name=\"form_fields[field_13d5208]\" id=\"form-field-field_13d5208\" class=\"elementor-field elementor-size-sm  elementor-field-textual elementor-time-field\" required=\"required\">\n\t\t\t\t\t\t<\/div>\n\t\t\t\t\t\t\t\t<div class=\"elementor-field-type-text elementor-field-group elementor-column elementor-field-group-field_136c0e5 elementor-col-100\">\n\t\t\t\t\t\t\t\t\t\t\t\t<label for=\"form-field-field_136c0e5\" class=\"elementor-field-label\">\n\t\t\t\t\t\t\t\tIdioma\t\t\t\t\t\t\t<\/label>\n\t\t\t\t\t\t\t\t\t\t\t\t\t\t<input size=\"1\" type=\"text\" name=\"form_fields[field_136c0e5]\" id=\"form-field-field_136c0e5\" class=\"elementor-field elementor-size-sm  elementor-field-textual\">\n\t\t\t\t\t\t\t\t\t\t\t<\/div>\n\t\t\t\t\t\t\t\t<div class=\"elementor-field-type-text elementor-field-group elementor-column elementor-field-group-message elementor-col-100\">\n\t\t\t\t\t\t\t\t\t\t\t\t<label for=\"form-field-message\" class=\"elementor-field-label\">\n\t\t\t\t\t\t\t\tNombre de nens\/es i adults\t\t\t\t\t\t\t<\/label>\n\t\t\t\t\t\t\t\t\t\t\t\t\t\t<input size=\"1\" type=\"text\" name=\"form_fields[message]\" id=\"form-field-message\" class=\"elementor-field elementor-size-sm  elementor-field-textual\">\n\t\t\t\t\t\t\t\t\t\t\t<\/div>\n\t\t\t\t\t\t\t\t<div class=\"elementor-field-type-select elementor-field-group elementor-column elementor-field-group-field_e191927 elementor-col-100\">\n\t\t\t\t\t\t\t\t\t\t\t\t<label for=\"form-field-field_e191927\" class=\"elementor-field-label\">\n\t\t\t\t\t\t\t\tPer on vols que et contactem?\t\t\t\t\t\t\t<\/label>\n\t\t\t\t\t\t\t\t<div class=\"elementor-field elementor-select-wrapper remove-before \">\n\t\t\t<div class=\"select-caret-down-wrapper\">\n\t\t\t\t<svg aria-hidden=\"true\" class=\"e-font-icon-svg e-eicon-caret-down\" viewBox=\"0 0 571.4 571.4\" xmlns=\"http:\/\/www.w3.org\/2000\/svg\"><path d=\"M571 393Q571 407 561 418L311 668Q300 679 286 679T261 668L11 418Q0 407 0 393T11 368 36 357H536Q550 357 561 368T571 393Z\"><\/path><\/svg>\t\t\t<\/div>\n\t\t\t<select name=\"form_fields[field_e191927]\" id=\"form-field-field_e191927\" class=\"elementor-field-textual elementor-size-sm\">\n\t\t\t\t\t\t\t\t\t<option value=\"Selecciona\">Selecciona<\/option>\n\t\t\t\t\t\t\t\t\t<option value=\"Correu\">Correu<\/option>\n\t\t\t\t\t\t\t\t\t<option value=\"WhatsApp\">WhatsApp<\/option>\n\t\t\t\t\t\t\t<\/select>\n\t\t<\/div>\n\t\t\t\t\t\t<\/div>\n\t\t\t\t\t\t\t\t<div class=\"elementor-field-type-radio elementor-field-group elementor-column elementor-field-group-field_9a1ab61 elementor-col-100\">\n\t\t\t\t\t\t\t\t\t\t\t\t<label for=\"form-field-field_9a1ab61\" class=\"elementor-field-label\">\n\t\t\t\t\t\t\t\tCom ens has conegut?\t\t\t\t\t\t\t<\/label>\n\t\t\t\t\t\t<div class=\"elementor-field-subgroup  \"><span class=\"elementor-field-option\"><input type=\"radio\" value=\"Mail informativo\" id=\"form-field-field_9a1ab61-0\" name=\"form_fields[field_9a1ab61]\"> <label for=\"form-field-field_9a1ab61-0\">Mail informativo<\/label><\/span><span class=\"elementor-field-option\"><input type=\"radio\" value=\"Google\" id=\"form-field-field_9a1ab61-1\" name=\"form_fields[field_9a1ab61]\"> <label for=\"form-field-field_9a1ab61-1\">Google<\/label><\/span><span class=\"elementor-field-option\"><input type=\"radio\" value=\"Redes Sociales\" id=\"form-field-field_9a1ab61-2\" name=\"form_fields[field_9a1ab61]\"> <label for=\"form-field-field_9a1ab61-2\">Redes Sociales<\/label><\/span><span class=\"elementor-field-option\"><input type=\"radio\" value=\"A trav\u00e9s de un amigo\" id=\"form-field-field_9a1ab61-3\" name=\"form_fields[field_9a1ab61]\"> <label for=\"form-field-field_9a1ab61-3\">A trav\u00e9s de un amigo<\/label><\/span><span class=\"elementor-field-option\"><input type=\"radio\" value=\"Web del club\" id=\"form-field-field_9a1ab61-4\" name=\"form_fields[field_9a1ab61]\"> <label for=\"form-field-field_9a1ab61-4\">Web del club<\/label><\/span><span class=\"elementor-field-option\"><input type=\"radio\" value=\"Ya os conoc\u00eda\" id=\"form-field-field_9a1ab61-5\" name=\"form_fields[field_9a1ab61]\"> <label for=\"form-field-field_9a1ab61-5\">Ya os conoc\u00eda<\/label><\/span><\/div>\t\t\t\t<\/div>\n\t\t\t\t\t\t\t\t<div class=\"elementor-field-group elementor-column elementor-field-type-submit elementor-col-100 e-form__buttons\">\n\t\t\t\t\t<button class=\"elementor-button elementor-size-sm\" type=\"submit\">\n\t\t\t\t\t\t<span class=\"elementor-button-content-wrapper\">\n\t\t\t\t\t\t\t\t\t\t\t\t\t\t\t\t\t\t\t\t\t\t<span class=\"elementor-button-text\">Enviar<\/span>\n\t\t\t\t\t\t\t\t\t\t\t\t\t<\/span>\n\t\t\t\t\t<\/button>\n\t\t\t\t<\/div>\n\t\t\t<\/div>\n\t\t<\/form>\n\t\t\t\t\t\t<\/div>\n\t\t\t\t<\/div>\n\t\t\t\t\t<\/div>\n\t\t\t\t<\/div>\n\t\t\t\t<\/div>\n\t\t\t\t<\/div>\n\t\t","protected":false},"excerpt":{"rendered":"<p>Gr\u00e0cies pel vostre inter\u00e8s a visitar el Tour Estadi Mallorca Son Moix! Si us plau, omple el formulari i el nostre equip d&#8217;atenci\u00f3 al client es posar\u00e0 en contacte amb tu per concretar l&#8217;activitat.<\/p>\n","protected":false},"author":1,"featured_media":0,"parent":0,"menu_order":0,"comment_status":"closed","ping_status":"closed","template":"","meta":{"footnotes":""},"class_list":["post-4593","page","type-page","status-publish","hentry"],"yoast_head":"<!-- This site is optimized with the Yoast SEO Premium plugin v23.6 (Yoast SEO v27.4) - https:\/\/yoast.com\/product\/yoast-seo-premium-wordpress\/ -->\n<title>Formulari-petici\u00f3-grups | estadimallorcasonmoix.es<\/title>\n<meta name=\"description\" content=\"P\u00e1gina Oficial del Estadi Mallorca Son Moix\" \/>\n<meta name=\"robots\" content=\"index, follow, max-snippet:-1, max-image-preview:large, max-video-preview:-1\" \/>\n<link rel=\"canonical\" href=\"https:\/\/estadimallorcasonmoix.es\/ca\/formulari-peticio-grups\/\" \/>\n<meta property=\"og:locale\" content=\"ca_ES\" \/>\n<meta property=\"og:type\" content=\"article\" \/>\n<meta property=\"og:title\" content=\"Formulari-petici\u00f3-grups\" \/>\n<meta property=\"og:description\" content=\"P\u00e1gina Oficial del Estadi Mallorca Son Moix\" \/>\n<meta property=\"og:url\" content=\"https:\/\/estadimallorcasonmoix.es\/ca\/formulari-peticio-grups\/\" \/>\n<meta property=\"og:site_name\" content=\"estadimallorcasonmoix.es\" \/>\n<meta property=\"article:modified_time\" content=\"2026-04-27T12:50:26+00:00\" \/>\n<meta property=\"og:image\" content=\"https:\/\/estadimallorcasonmoix.es\/wp-content\/uploads\/2024\/11\/OG.png\" \/>\n\t<meta property=\"og:image:width\" content=\"1200\" \/>\n\t<meta property=\"og:image:height\" content=\"675\" \/>\n\t<meta property=\"og:image:type\" content=\"image\/png\" \/>\n<meta name=\"twitter:card\" content=\"summary_large_image\" \/>\n<script type=\"application\/ld+json\" class=\"yoast-schema-graph\">{\"@context\":\"https:\\\/\\\/schema.org\",\"@graph\":[{\"@type\":\"WebPage\",\"@id\":\"https:\\\/\\\/estadimallorcasonmoix.es\\\/ca\\\/formulari-peticio-grups\\\/\",\"url\":\"https:\\\/\\\/estadimallorcasonmoix.es\\\/ca\\\/formulari-peticio-grups\\\/\",\"name\":\"Formulari-petici\u00f3-grups | estadimallorcasonmoix.es\",\"isPartOf\":{\"@id\":\"https:\\\/\\\/estadimallorcasonmoix.es\\\/#website\"},\"datePublished\":\"2026-04-10T09:49:09+00:00\",\"dateModified\":\"2026-04-27T12:50:26+00:00\",\"description\":\"P\u00e1gina Oficial del Estadi Mallorca Son Moix\",\"breadcrumb\":{\"@id\":\"https:\\\/\\\/estadimallorcasonmoix.es\\\/ca\\\/formulari-peticio-grups\\\/#breadcrumb\"},\"inLanguage\":\"ca\",\"potentialAction\":[{\"@type\":\"ReadAction\",\"target\":[\"https:\\\/\\\/estadimallorcasonmoix.es\\\/ca\\\/formulari-peticio-grups\\\/\"]}]},{\"@type\":\"BreadcrumbList\",\"@id\":\"https:\\\/\\\/estadimallorcasonmoix.es\\\/ca\\\/formulari-peticio-grups\\\/#breadcrumb\",\"itemListElement\":[{\"@type\":\"ListItem\",\"position\":1,\"name\":\"Home\",\"item\":\"https:\\\/\\\/estadimallorcasonmoix.es\\\/ca\\\/\"},{\"@type\":\"ListItem\",\"position\":2,\"name\":\"Formulari-petici\u00f3-grups\"}]},{\"@type\":\"WebSite\",\"@id\":\"https:\\\/\\\/estadimallorcasonmoix.es\\\/#website\",\"url\":\"https:\\\/\\\/estadimallorcasonmoix.es\\\/\",\"name\":\"estadimallorcasonmoix.es\",\"description\":\"P\u00e0gina Oficial Estadi Mallorca Son Moix\",\"publisher\":{\"@id\":\"https:\\\/\\\/estadimallorcasonmoix.es\\\/#organization\"},\"alternateName\":\"Estadi Mallorca Son Moix\",\"potentialAction\":[{\"@type\":\"SearchAction\",\"target\":{\"@type\":\"EntryPoint\",\"urlTemplate\":\"https:\\\/\\\/estadimallorcasonmoix.es\\\/?s={search_term_string}\"},\"query-input\":{\"@type\":\"PropertyValueSpecification\",\"valueRequired\":true,\"valueName\":\"search_term_string\"}}],\"inLanguage\":\"ca\"},{\"@type\":\"Organization\",\"@id\":\"https:\\\/\\\/estadimallorcasonmoix.es\\\/#organization\",\"name\":\"RCD Mallorca\",\"alternateName\":\"RCD Mallorca\",\"url\":\"https:\\\/\\\/estadimallorcasonmoix.es\\\/\",\"logo\":{\"@type\":\"ImageObject\",\"inLanguage\":\"ca\",\"@id\":\"https:\\\/\\\/estadimallorcasonmoix.es\\\/#\\\/schema\\\/logo\\\/image\\\/\",\"url\":\"https:\\\/\\\/estadimallorcasonmoix.es\\\/wp-content\\\/uploads\\\/2024\\\/10\\\/Logo-Son-Moix.png\",\"contentUrl\":\"https:\\\/\\\/estadimallorcasonmoix.es\\\/wp-content\\\/uploads\\\/2024\\\/10\\\/Logo-Son-Moix.png\",\"width\":490,\"height\":284,\"caption\":\"RCD Mallorca\"},\"image\":{\"@id\":\"https:\\\/\\\/estadimallorcasonmoix.es\\\/#\\\/schema\\\/logo\\\/image\\\/\"}}]}<\/script>\n<!-- \/ Yoast SEO Premium plugin. -->","yoast_head_json":{"title":"Formulari-petici\u00f3-grups | estadimallorcasonmoix.es","description":"P\u00e1gina Oficial del Estadi Mallorca Son Moix","robots":{"index":"index","follow":"follow","max-snippet":"max-snippet:-1","max-image-preview":"max-image-preview:large","max-video-preview":"max-video-preview:-1"},"canonical":"https:\/\/estadimallorcasonmoix.es\/ca\/formulari-peticio-grups\/","og_locale":"ca_ES","og_type":"article","og_title":"Formulari-petici\u00f3-grups","og_description":"P\u00e1gina Oficial del Estadi Mallorca Son Moix","og_url":"https:\/\/estadimallorcasonmoix.es\/ca\/formulari-peticio-grups\/","og_site_name":"estadimallorcasonmoix.es","article_modified_time":"2026-04-27T12:50:26+00:00","og_image":[{"width":1200,"height":675,"url":"https:\/\/estadimallorcasonmoix.es\/wp-content\/uploads\/2024\/11\/OG.png","type":"image\/png"}],"twitter_card":"summary_large_image","schema":{"@context":"https:\/\/schema.org","@graph":[{"@type":"WebPage","@id":"https:\/\/estadimallorcasonmoix.es\/ca\/formulari-peticio-grups\/","url":"https:\/\/estadimallorcasonmoix.es\/ca\/formulari-peticio-grups\/","name":"Formulari-petici\u00f3-grups | estadimallorcasonmoix.es","isPartOf":{"@id":"https:\/\/estadimallorcasonmoix.es\/#website"},"datePublished":"2026-04-10T09:49:09+00:00","dateModified":"2026-04-27T12:50:26+00:00","description":"P\u00e1gina Oficial del Estadi Mallorca Son Moix","breadcrumb":{"@id":"https:\/\/estadimallorcasonmoix.es\/ca\/formulari-peticio-grups\/#breadcrumb"},"inLanguage":"ca","potentialAction":[{"@type":"ReadAction","target":["https:\/\/estadimallorcasonmoix.es\/ca\/formulari-peticio-grups\/"]}]},{"@type":"BreadcrumbList","@id":"https:\/\/estadimallorcasonmoix.es\/ca\/formulari-peticio-grups\/#breadcrumb","itemListElement":[{"@type":"ListItem","position":1,"name":"Home","item":"https:\/\/estadimallorcasonmoix.es\/ca\/"},{"@type":"ListItem","position":2,"name":"Formulari-petici\u00f3-grups"}]},{"@type":"WebSite","@id":"https:\/\/estadimallorcasonmoix.es\/#website","url":"https:\/\/estadimallorcasonmoix.es\/","name":"estadimallorcasonmoix.es","description":"P\u00e0gina Oficial Estadi Mallorca Son Moix","publisher":{"@id":"https:\/\/estadimallorcasonmoix.es\/#organization"},"alternateName":"Estadi Mallorca Son Moix","potentialAction":[{"@type":"SearchAction","target":{"@type":"EntryPoint","urlTemplate":"https:\/\/estadimallorcasonmoix.es\/?s={search_term_string}"},"query-input":{"@type":"PropertyValueSpecification","valueRequired":true,"valueName":"search_term_string"}}],"inLanguage":"ca"},{"@type":"Organization","@id":"https:\/\/estadimallorcasonmoix.es\/#organization","name":"RCD Mallorca","alternateName":"RCD Mallorca","url":"https:\/\/estadimallorcasonmoix.es\/","logo":{"@type":"ImageObject","inLanguage":"ca","@id":"https:\/\/estadimallorcasonmoix.es\/#\/schema\/logo\/image\/","url":"https:\/\/estadimallorcasonmoix.es\/wp-content\/uploads\/2024\/10\/Logo-Son-Moix.png","contentUrl":"https:\/\/estadimallorcasonmoix.es\/wp-content\/uploads\/2024\/10\/Logo-Son-Moix.png","width":490,"height":284,"caption":"RCD Mallorca"},"image":{"@id":"https:\/\/estadimallorcasonmoix.es\/#\/schema\/logo\/image\/"}}]}},"_links":{"self":[{"href":"https:\/\/estadimallorcasonmoix.es\/ca\/wp-json\/wp\/v2\/pages\/4593","targetHints":{"allow":["GET"]}}],"collection":[{"href":"https:\/\/estadimallorcasonmoix.es\/ca\/wp-json\/wp\/v2\/pages"}],"about":[{"href":"https:\/\/estadimallorcasonmoix.es\/ca\/wp-json\/wp\/v2\/types\/page"}],"author":[{"embeddable":true,"href":"https:\/\/estadimallorcasonmoix.es\/ca\/wp-json\/wp\/v2\/users\/1"}],"replies":[{"embeddable":true,"href":"https:\/\/estadimallorcasonmoix.es\/ca\/wp-json\/wp\/v2\/comments?post=4593"}],"version-history":[{"count":1,"href":"https:\/\/estadimallorcasonmoix.es\/ca\/wp-json\/wp\/v2\/pages\/4593\/revisions"}],"predecessor-version":[{"id":4594,"href":"https:\/\/estadimallorcasonmoix.es\/ca\/wp-json\/wp\/v2\/pages\/4593\/revisions\/4594"}],"wp:attachment":[{"href":"https:\/\/estadimallorcasonmoix.es\/ca\/wp-json\/wp\/v2\/media?parent=4593"}],"curies":[{"name":"wp","href":"https:\/\/api.w.org\/{rel}","templated":true}]}}